{"id":10,"date":"2024-07-15T18:26:19","date_gmt":"2024-07-15T18:26:19","guid":{"rendered":"https:\/\/www.livassociatesgroup.com\/?page_id=10"},"modified":"2024-07-24T14:58:57","modified_gmt":"2024-07-24T19:58:57","slug":"home","status":"publish","type":"page","link":"https:\/\/www.livassociatesgroup.com\/es\/","title":{"rendered":"Home"},"content":{"rendered":"<p>[et_pb_section fb_built=\u00bb1&#8243; _builder_version=\u00bb4.26.1&#8243; _module_preset=\u00bbdefault\u00bb background_image=\u00bbhttps:\/\/www.livassociatesgroup.com\/wp-content\/uploads\/2024\/07\/d.jpg\u00bb custom_padding=\u00bb20px||20px||true|false\u00bb global_colors_info=\u00bb{}\u00bb][et_pb_row column_structure=\u00bb1_2,1_2&#8243; module_id=\u00bbquienessomos\u00bb _builder_version=\u00bb4.26.1&#8243; _module_preset=\u00bbdefault\u00bb width=\u00bb100%\u00bb max_width=\u00bb100%\u00bb global_colors_info=\u00bb{}\u00bb][et_pb_column type=\u00bb1_2&#8243; _builder_version=\u00bb4.26.1&#8243; _module_preset=\u00bbdefault\u00bb background_color=\u00bb#081c3d\u00bb custom_padding=\u00bb25px||25px||false|false\u00bb animation_style=\u00bbslide\u00bb animation_direction=\u00bbleft\u00bb animation_intensity_slide=\u00bb20%\u00bb global_colors_info=\u00bb{}\u00bb][et_pb_text _builder_version=\u00bb4.26.1&#8243; _module_preset=\u00bbdefault\u00bb text_text_color=\u00bb#0c6ffe\u00bb text_font_size=\u00bb35px\u00bb header_line_height=\u00bb1.1em\u00bb text_orientation=\u00bbcenter\u00bb header_font_size_tablet=\u00bb\u00bb header_font_size_phone=\u00bb26px\u00bb header_font_size_last_edited=\u00bbon|phone\u00bb global_colors_info=\u00bb{}\u00bb]<\/p>\n<p><span style=\"color: #ffffff;\">\u00bfQUI\u00c9NES<\/span> SOMOS?<\/p>\n<p>[\/et_pb_text][\/et_pb_column][et_pb_column type=\u00bb1_2&#8243; _builder_version=\u00bb4.26.1&#8243; _module_preset=\u00bbdefault\u00bb custom_padding=\u00bb|25px||25px|false|true\u00bb animation_style=\u00bbslide\u00bb animation_direction=\u00bbright\u00bb animation_intensity_slide=\u00bb20%\u00bb global_colors_info=\u00bb{}\u00bb][et_pb_text _builder_version=\u00bb4.26.1&#8243; _module_preset=\u00bbdefault\u00bb text_text_color=\u00bb#111d4f\u00bb text_font_size=\u00bb22px\u00bb global_colors_info=\u00bb{}\u00bb]<\/p>\n<p>LIV Associates Group es una empresa l\u00edder en staffing, dedicada a conectar talento excepcional con oportunidades en el sector de hospitalidad.<\/p>\n<p>[\/et_pb_text][et_pb_text _builder_version=\u00bb4.26.1&#8243; _module_preset=\u00bbdefault\u00bb text_text_color=\u00bb#000000&#8243; text_orientation=\u00bbjustified\u00bb global_colors_info=\u00bb{}\u00bb]<\/p>\n<p>Con sede en St. Augustine, Jacksonville y Orlando, hemos establecido una s\u00f3lida reputaci\u00f3n por nuestra capacidad para entender las necesidades \u00fanicas de hoteles y restaurantes. Nuestro compromiso es proporcionar soluciones de contrataci\u00f3n eficientes y personalizadas que impulsen el \u00e9xito de nuestros clientes.<\/p>\n<p>[\/et_pb_text][\/et_pb_column][\/et_pb_row][\/et_pb_section][et_pb_section fb_built=\u00bb1&#8243; module_id=\u00bbporqueescogernos\u00bb _builder_version=\u00bb4.26.1&#8243; _module_preset=\u00bbdefault\u00bb custom_padding=\u00bb20px||20px||true|false\u00bb global_colors_info=\u00bb{}\u00bb][et_pb_row _builder_version=\u00bb4.26.1&#8243; _module_preset=\u00bbdefault\u00bb animation_style=\u00bbslide\u00bb animation_intensity_slide=\u00bb20%\u00bb global_colors_info=\u00bb{}\u00bb][et_pb_column type=\u00bb4_4&#8243; _builder_version=\u00bb4.26.1&#8243; _module_preset=\u00bbdefault\u00bb global_colors_info=\u00bb{}\u00bb][et_pb_text _builder_version=\u00bb4.26.1&#8243; _module_preset=\u00bbdefault\u00bb text_text_color=\u00bb#111d4f\u00bb text_font_size=\u00bb35px\u00bb text_line_height=\u00bb1.1em\u00bb text_orientation=\u00bbcenter\u00bb text_font_size_tablet=\u00bb35px\u00bb text_font_size_phone=\u00bb30px\u00bb text_font_size_last_edited=\u00bbon|phone\u00bb global_colors_info=\u00bb{}\u00bb]<\/p>\n<p>\u00bfPOR QU\u00c9<span style=\"color: #0c6ffe;\"> ESCOGERNOS?<\/span><\/p>\n<p>[\/et_pb_text][\/et_pb_column][\/et_pb_row][et_pb_row column_structure=\u00bb1_4,1_4,1_4,1_4&#8243; make_equal=\u00bbon\u00bb _builder_version=\u00bb4.26.1&#8243; _module_preset=\u00bbdefault\u00bb width=\u00bb85%\u00bb max_width=\u00bb85%\u00bb custom_padding=\u00bb0px||1px|||\u00bb animation_style=\u00bbslide\u00bb animation_direction=\u00bbtop\u00bb animation_intensity_slide=\u00bb20%\u00bb global_colors_info=\u00bb{}\u00bb][et_pb_column type=\u00bb1_4&#8243; _builder_version=\u00bb4.26.1&#8243; _module_preset=\u00bbdefault\u00bb custom_padding=\u00bb25px|15px|25px|15px|true|true\u00bb border_radii=\u00bbon|15px|15px|15px|15px\u00bb border_width_all=\u00bb3px\u00bb border_color_all=\u00bb#08c1ed\u00bb global_colors_info=\u00bb{}\u00bb][et_pb_blurb title=\u00bbA\u00d1OS DE EXPERIENCIA EXPERIENCIA  COMPROBADA\u00bb image=\u00bbhttps:\/\/www.livassociatesgroup.com\/wp-content\/uploads\/2024\/07\/1.png\u00bb _builder_version=\u00bb4.26.1&#8243; _module_preset=\u00bbdefault\u00bb header_text_align=\u00bbcenter\u00bb header_text_color=\u00bb#081c3d\u00bb header_font_size=\u00bb19px\u00bb header_line_height=\u00bb1.1em\u00bb body_text_align=\u00bbcenter\u00bb body_text_color=\u00bb#000000&#8243; global_colors_info=\u00bb{}\u00bb]<\/p>\n<p>Nuestra trayectoria en el mercado de Florida nos ha permitido desarrollar una profunda comprensi\u00f3n de la industria de la hospitalidad.<\/p>\n<p>[\/et_pb_blurb][\/et_pb_column][et_pb_column type=\u00bb1_4&#8243; _builder_version=\u00bb4.26.1&#8243; _module_preset=\u00bbdefault\u00bb custom_padding=\u00bb25px|15px|25px|15px|true|true\u00bb border_radii=\u00bbon|15px|15px|15px|15px\u00bb border_width_all=\u00bb3px\u00bb border_color_all=\u00bb#08c1ed\u00bb global_colors_info=\u00bb{}\u00bb][et_pb_blurb title=\u00bbENFOQUE  PERSONALIZADO\u00bb image=\u00bbhttps:\/\/www.livassociatesgroup.com\/wp-content\/uploads\/2024\/07\/2.png\u00bb _builder_version=\u00bb4.26.1&#8243; _module_preset=\u00bbdefault\u00bb header_text_align=\u00bbcenter\u00bb header_text_color=\u00bb#081c3d\u00bb header_font_size=\u00bb19px\u00bb header_line_height=\u00bb1.1em\u00bb body_text_align=\u00bbcenter\u00bb body_text_color=\u00bb#000000&#8243; global_colors_info=\u00bb{}\u00bb]<\/p>\n<p>Nos dedicamos a entender las especificidades de cada cliente, lo que nos permite ofrecer candidatos que no solo cumplen, sino que superan las expectativas.<\/p>\n<p>[\/et_pb_blurb][\/et_pb_column][et_pb_column type=\u00bb1_4&#8243; _builder_version=\u00bb4.26.1&#8243; _module_preset=\u00bbdefault\u00bb custom_padding=\u00bb25px|15px|25px|15px|true|true\u00bb border_radii=\u00bbon|15px|15px|15px|15px\u00bb border_width_all=\u00bb3px\u00bb border_color_all=\u00bb#08c1ed\u00bb global_colors_info=\u00bb{}\u00bb][et_pb_blurb title=\u00bbEXPANSI\u00d3N  CONSTANTE\u00bb image=\u00bbhttps:\/\/www.livassociatesgroup.com\/wp-content\/uploads\/2024\/07\/3.png\u00bb _builder_version=\u00bb4.26.1&#8243; _module_preset=\u00bbdefault\u00bb header_text_align=\u00bbcenter\u00bb header_text_color=\u00bb#081c3d\u00bb header_font_size=\u00bb19px\u00bb header_line_height=\u00bb1.1em\u00bb body_text_align=\u00bbcenter\u00bb body_text_color=\u00bb#000000&#8243; global_colors_info=\u00bb{}\u00bb]<\/p>\n<p>Estamos en constante crecimiento, ampliando nuestros servicios a todo Florida para brindar cobertura y soporte donde se necesite.<\/p>\n<p>[\/et_pb_blurb][\/et_pb_column][et_pb_column type=\u00bb1_4&#8243; _builder_version=\u00bb4.26.1&#8243; _module_preset=\u00bbdefault\u00bb custom_padding=\u00bb25px|15px|25px|15px|true|true\u00bb border_radii=\u00bbon|15px|15px|15px|15px\u00bb border_width_all=\u00bb3px\u00bb border_color_all=\u00bb#08c1ed\u00bb global_colors_info=\u00bb{}\u00bb][et_pb_blurb title=\u00bbINNOVACI\u00d3N  EN SERVICIOS\u00bb image=\u00bbhttps:\/\/www.livassociatesgroup.com\/wp-content\/uploads\/2024\/07\/4.png\u00bb _builder_version=\u00bb4.26.1&#8243; _module_preset=\u00bbdefault\u00bb header_text_align=\u00bbcenter\u00bb header_text_color=\u00bb#081c3d\u00bb header_font_size=\u00bb19px\u00bb header_line_height=\u00bb1.1em\u00bb body_text_align=\u00bbcenter\u00bb body_text_color=\u00bb#000000&#8243; global_colors_info=\u00bb{}\u00bb]<\/p>\n<p>Incorporamos servicios adicionales como el lavado de alfombras, demostrando nuestra adaptabilidad y compromiso con las necesidades cambiantes del mercado.<\/p>\n<p>[\/et_pb_blurb][\/et_pb_column][\/et_pb_row][\/et_pb_section][et_pb_section fb_built=\u00bb1&#8243; _builder_version=\u00bb4.26.1&#8243; _module_preset=\u00bbdefault\u00bb background_image=\u00bbhttps:\/\/www.livassociatesgroup.com\/wp-content\/uploads\/2024\/07\/scss.png\u00bb custom_padding=\u00bb20px||20px||true|false\u00bb global_colors_info=\u00bb{}\u00bb][et_pb_row column_structure=\u00bb1_2,1_2&#8243; _builder_version=\u00bb4.26.1&#8243; _module_preset=\u00bbdefault\u00bb width=\u00bb85%\u00bb max_width=\u00bb85%\u00bb global_colors_info=\u00bb{}\u00bb][et_pb_column type=\u00bb1_2&#8243; _builder_version=\u00bb4.26.1&#8243; _module_preset=\u00bbdefault\u00bb animation_style=\u00bbslide\u00bb animation_intensity_slide=\u00bb20%\u00bb global_colors_info=\u00bb{}\u00bb][et_pb_image src=\u00bbhttps:\/\/www.livassociatesgroup.com\/wp-content\/uploads\/2024\/07\/ee.png\u00bb title_text=\u00bbee\u00bb _builder_version=\u00bb4.26.1&#8243; _module_preset=\u00bbdefault\u00bb global_colors_info=\u00bb{}\u00bb][\/et_pb_image][\/et_pb_column][et_pb_column type=\u00bb1_2&#8243; _builder_version=\u00bb4.26.1&#8243; _module_preset=\u00bbdefault\u00bb animation_style=\u00bbslide\u00bb animation_direction=\u00bbright\u00bb animation_intensity_slide=\u00bb20%\u00bb global_colors_info=\u00bb{}\u00bb][et_pb_text _builder_version=\u00bb4.26.1&#8243; _module_preset=\u00bbdefault\u00bb text_text_color=\u00bb#111d4f\u00bb text_font_size=\u00bb22px\u00bb global_colors_info=\u00bb{}\u00bb]<\/p>\n<p>LIV Associates Group entiende que la excelencia en el servicio es fundamental en cualquier negocio, especialmente en la industria hotelera y de restaurantes.<\/p>\n<p>[\/et_pb_text][et_pb_text _builder_version=\u00bb4.26.1&#8243; _module_preset=\u00bbdefault\u00bb text_text_color=\u00bb#4d4d4d\u00bb text_orientation=\u00bbjustified\u00bb custom_padding=\u00bb|||16px|false|false\u00bb border_width_left=\u00bb5px\u00bb border_color_left=\u00bb#08c1ed\u00bb global_colors_info=\u00bb{}\u00bb]<\/p>\n<p>Nos dedicamos a proporcionar servicios de alta calidad que superar\u00e1n sus expectativas. Nuestro equipo de profesionales capacitados garantizar\u00e1 que su hotel y restaurante funcionen de manera \u00f3ptima, creando un ambiente c\u00f3modo y acogedor para sus hu\u00e9spedes.<\/p>\n<p>[\/et_pb_text][et_pb_text _builder_version=\u00bb4.26.1&#8243; _module_preset=\u00bbdefault\u00bb text_text_color=\u00bb#000000&#8243; text_orientation=\u00bbjustified\u00bb global_colors_info=\u00bb{}\u00bb]<\/p>\n<p>Adem\u00e1s de nuestros servicios especializados, proporcionamos personal para cualquier puesto necesario en su restaurante, desde el servicio de cocina hasta la atenci\u00f3n al cliente. Nuestro personal es confiable, eficiente y est\u00e1 preparado para manejar cualquier tarea. Sabemos que administrar un hotel o restaurante puede ser un reto, y nuestro objetivo es facilitar su labor brindando toda la asistencia necesaria.<\/p>\n<p>[\/et_pb_text][\/et_pb_column][\/et_pb_row][\/et_pb_section][et_pb_section fb_built=\u00bb1&#8243; _builder_version=\u00bb4.26.1&#8243; _module_preset=\u00bbdefault\u00bb custom_padding=\u00bb20px||20px||true|false\u00bb global_colors_info=\u00bb{}\u00bb][et_pb_row _builder_version=\u00bb4.26.1&#8243; _module_preset=\u00bbdefault\u00bb background_color=\u00bb#081c3d\u00bb module_alignment=\u00bbcenter\u00bb custom_margin=\u00bb||30px||false|false\u00bb custom_padding=\u00bb|30px||30px|false|true\u00bb animation_style=\u00bbslide\u00bb animation_intensity_slide=\u00bb20%\u00bb border_radii=\u00bbon|20px|20px|20px|20px\u00bb box_shadow_style=\u00bbpreset4&#8243; box_shadow_color=\u00bb#08c1ed\u00bb global_colors_info=\u00bb{}\u00bb][et_pb_column type=\u00bb4_4&#8243; _builder_version=\u00bb4.26.1&#8243; _module_preset=\u00bbdefault\u00bb global_colors_info=\u00bb{}\u00bb][et_pb_text _builder_version=\u00bb4.26.1&#8243; _module_preset=\u00bbdefault\u00bb text_text_color=\u00bb#FFFFFF\u00bb text_orientation=\u00bbcenter\u00bb max_width=\u00bb900px\u00bb module_alignment=\u00bbcenter\u00bb global_colors_info=\u00bb{}\u00bb]<\/p>\n<p>Nos enorgullece construir relaciones duraderas con nuestros clientes basadas en la confianza y la fiabilidad. Aspiramos a ser la empresa contratista l\u00edder en Saint Augustine y Jacksonville, y nos comprometemos a lograrlo ofreciendo servicios excepcionales que satisfagan las necesidades y expectativas de nuestros clientes.<\/p>\n<p>[\/et_pb_text][\/et_pb_column][\/et_pb_row][et_pb_row _builder_version=\u00bb4.26.1&#8243; _module_preset=\u00bbdefault\u00bb animation_style=\u00bbslide\u00bb animation_direction=\u00bbright\u00bb animation_intensity_slide=\u00bb20%\u00bb global_colors_info=\u00bb{}\u00bb][et_pb_column type=\u00bb4_4&#8243; _builder_version=\u00bb4.26.1&#8243; _module_preset=\u00bbdefault\u00bb global_colors_info=\u00bb{}\u00bb][et_pb_text _builder_version=\u00bb4.26.1&#8243; _module_preset=\u00bbdefault\u00bb text_text_color=\u00bb#000000&#8243; text_orientation=\u00bbjustified\u00bb global_colors_info=\u00bb{}\u00bb]<\/p>\n<p>Nuestro equipo se dedica a brindar una experiencia adaptada a sus necesidades espec\u00edficas. Trabajamos estrechamente con los gerentes de hoteles para cumplir con los est\u00e1ndares de la marca y mejorar las experiencias de los hu\u00e9spedes. Tenemos amplia experiencia con diversas marcas, incluyendo Hilton, Marriott, IHG y Best Western.<\/p>\n<p>Garantizamos la calidad y fiabilidad de nuestros servicios y estamos comprometidos a corregir cualquier insatisfacci\u00f3n. Nuestro objetivo es brindarle tranquilidad, sabiendo que sus necesidades est\u00e1n en manos de profesionales dedicados. En LIV Associates Group, creemos que un servicio excelente es esencial para ofrecer una experiencia placentera a sus hu\u00e9spedes. Estamos dedicados a ofrecer excelencia en todos los aspectos de nuestros servicios y esperamos poder servirle y brindarle la experiencia excepcional que se merece.<\/p>\n<p>[\/et_pb_text][\/et_pb_column][\/et_pb_row][et_pb_row _builder_version=\u00bb4.26.1&#8243; _module_preset=\u00bbdefault\u00bb background_color=\u00bb#08c1ed\u00bb module_alignment=\u00bbcenter\u00bb custom_margin=\u00bb||30px||false|false\u00bb custom_padding=\u00bb|30px||30px|false|true\u00bb animation_style=\u00bbslide\u00bb animation_direction=\u00bbtop\u00bb animation_intensity_slide=\u00bb20%\u00bb border_radii=\u00bbon|20px|20px|20px|20px\u00bb box_shadow_style=\u00bbpreset4&#8243; box_shadow_color=\u00bb#081c3d\u00bb global_colors_info=\u00bb{}\u00bb][et_pb_column type=\u00bb4_4&#8243; _builder_version=\u00bb4.26.1&#8243; _module_preset=\u00bbdefault\u00bb global_colors_info=\u00bb{}\u00bb][et_pb_text _builder_version=\u00bb4.26.1&#8243; _module_preset=\u00bbdefault\u00bb text_text_color=\u00bb#FFFFFF\u00bb text_orientation=\u00bbcenter\u00bb max_width=\u00bb900px\u00bb module_alignment=\u00bbcenter\u00bb global_colors_info=\u00bb{}\u00bb]<\/p>\n<p>Estamos emocionados de anunciar nuestra nueva sede en Orlando, Florida. Como parte de nuestra expansi\u00f3n, estamos explorando todos los mercados posibles en esta vibrante ciudad.<\/p>\n<p>[\/et_pb_text][\/et_pb_column][\/et_pb_row][\/et_pb_section][et_pb_section fb_built=\u00bb1&#8243; module_id=\u00bbnuestrosservicios\u00bb _builder_version=\u00bb4.26.1&#8243; _module_preset=\u00bbdefault\u00bb background_image=\u00bbhttps:\/\/www.livassociatesgroup.com\/wp-content\/uploads\/2024\/07\/dg.png\u00bb custom_padding=\u00bb20px||20px||true|false\u00bb global_colors_info=\u00bb{}\u00bb][et_pb_row _builder_version=\u00bb4.26.1&#8243; _module_preset=\u00bbdefault\u00bb global_colors_info=\u00bb{}\u00bb][et_pb_column type=\u00bb4_4&#8243; _builder_version=\u00bb4.26.1&#8243; _module_preset=\u00bbdefault\u00bb global_colors_info=\u00bb{}\u00bb][et_pb_text _builder_version=\u00bb4.26.1&#8243; _module_preset=\u00bbdefault\u00bb text_text_color=\u00bb#111d4f\u00bb text_font_size=\u00bb35px\u00bb text_line_height=\u00bb1em\u00bb text_orientation=\u00bbcenter\u00bb global_colors_info=\u00bb{}\u00bb]<\/p>\n<p><span style=\"color: #ffffff;\">NUESTROS<\/span> SERVICIOS<\/p>\n<p>[\/et_pb_text][\/et_pb_column][\/et_pb_row][et_pb_row column_structure=\u00bb1_4,1_4,1_4,1_4&#8243; make_equal=\u00bbon\u00bb _builder_version=\u00bb4.26.1&#8243; _module_preset=\u00bbdefault\u00bb width=\u00bb90%\u00bb max_width=\u00bb90%\u00bb custom_padding=\u00bb3px|||||\u00bb animation_style=\u00bbslide\u00bb animation_intensity_slide=\u00bb20%\u00bb global_colors_info=\u00bb{}\u00bb][et_pb_column type=\u00bb1_4&#8243; _builder_version=\u00bb4.26.1&#8243; _module_preset=\u00bbdefault\u00bb background_image=\u00bbhttps:\/\/www.livassociatesgroup.com\/wp-content\/uploads\/2024\/07\/few.png\u00bb custom_padding=\u00bb15px|10px|15px|10px|true|true\u00bb border_radii=\u00bbon|15px|15px|15px|15px\u00bb global_colors_info=\u00bb{}\u00bb][et_pb_divider show_divider=\u00bboff\u00bb _builder_version=\u00bb4.26.1&#8243; _module_preset=\u00bbdefault\u00bb custom_padding=\u00bb112px||112px||true|false\u00bb global_colors_info=\u00bb{}\u00bb][\/et_pb_divider][et_pb_blurb title=\u00bbRECLUTAMIENTO Y SELECCI\u00d3N  DE PERSONAL PARA  HOTELES Y RESTAURANTES\u00bb _builder_version=\u00bb4.26.1&#8243; _module_preset=\u00bbdefault\u00bb header_text_color=\u00bb#FFFFFF\u00bb header_line_height=\u00bb1.1em\u00bb body_text_align=\u00bbjustify\u00bb body_text_color=\u00bb#FFFFFF\u00bb global_colors_info=\u00bb{}\u00bb]<\/p>\n<p>Desde cargos operativos hasta ejecutivos, garantizamos candidatos de alta calidad que se ajustan a la cultura y requisitos de cada establecimiento.<\/p>\n<p>[\/et_pb_blurb][\/et_pb_column][et_pb_column type=\u00bb1_4&#8243; _builder_version=\u00bb4.26.1&#8243; _module_preset=\u00bbdefault\u00bb background_image=\u00bbhttps:\/\/www.livassociatesgroup.com\/wp-content\/uploads\/2024\/07\/s1.png\u00bb custom_padding=\u00bb15px|10px|15px|10px|true|true\u00bb border_radii=\u00bbon|15px|15px|15px|15px\u00bb global_colors_info=\u00bb{}\u00bb][et_pb_divider show_divider=\u00bboff\u00bb _builder_version=\u00bb4.26.1&#8243; _module_preset=\u00bbdefault\u00bb custom_padding=\u00bb123px||123px||true|false\u00bb global_colors_info=\u00bb{}\u00bb][\/et_pb_divider][et_pb_blurb title=\u00bbCAPACITACI\u00d3N DEL  PERSONAL CONTRATADO\u00bb _builder_version=\u00bb4.26.1&#8243; _module_preset=\u00bbdefault\u00bb header_text_color=\u00bb#FFFFFF\u00bb header_line_height=\u00bb1.1em\u00bb body_text_align=\u00bbjustify\u00bb body_text_color=\u00bb#FFFFFF\u00bb global_colors_info=\u00bb{}\u00bb]<\/p>\n<p>Aseguramos que nuestro personal no solo est\u00e9 calificado, sino tambi\u00e9n bien preparado para integrarse efectivamente en su nuevo ambiente laboral.<\/p>\n<p>[\/et_pb_blurb][\/et_pb_column][et_pb_column type=\u00bb1_4&#8243; _builder_version=\u00bb4.26.1&#8243; _module_preset=\u00bbdefault\u00bb background_image=\u00bbhttps:\/\/www.livassociatesgroup.com\/wp-content\/uploads\/2024\/07\/dw.png\u00bb custom_padding=\u00bb15px|10px|15px|10px|true|true\u00bb border_radii=\u00bbon|15px|15px|15px|15px\u00bb global_colors_info=\u00bb{}\u00bb][et_pb_divider show_divider=\u00bboff\u00bb _builder_version=\u00bb4.26.1&#8243; _module_preset=\u00bbdefault\u00bb custom_padding=\u00bb95px||95px||true|false\u00bb global_colors_info=\u00bb{}\u00bb][\/et_pb_divider][et_pb_blurb title=\u00bbSERVICIOS ADICIONALES  DE MANTENIMIENTO\u00bb _builder_version=\u00bb4.26.1&#8243; _module_preset=\u00bbdefault\u00bb header_text_color=\u00bb#FFFFFF\u00bb header_line_height=\u00bb1.1em\u00bb body_text_align=\u00bbjustify\u00bb body_text_color=\u00bb#FFFFFF\u00bb global_colors_info=\u00bb{}\u00bb]<\/p>\n<p>Recientemente hemos expandido nuestros servicios para incluir el lavado de alfombras, proporcionando as\u00ed soluciones integrales de limpieza que mejoran el ambiente y la higiene de cualquier instalaci\u00f3n.<\/p>\n<p>[\/et_pb_blurb][\/et_pb_column][et_pb_column type=\u00bb1_4&#8243; _builder_version=\u00bb4.26.1&#8243; _module_preset=\u00bbdefault\u00bb background_image=\u00bbhttps:\/\/www.livassociatesgroup.com\/wp-content\/uploads\/2024\/07\/Boceto-Liv-associates.png\u00bb custom_padding=\u00bb15px|10px|15px|10px|true|true\u00bb border_radii=\u00bbon|15px|15px|15px|15px\u00bb global_colors_info=\u00bb{}\u00bb][et_pb_divider show_divider=\u00bboff\u00bb _builder_version=\u00bb4.26.1&#8243; _module_preset=\u00bbdefault\u00bb custom_padding=\u00bb125px||125px||true|false\u00bb global_colors_info=\u00bb{}\u00bb][\/et_pb_divider][et_pb_blurb title=\u00bbLIMPIEZA DE OFICINAS\u00bb _builder_version=\u00bb4.26.1&#8243; _module_preset=\u00bbdefault\u00bb header_text_color=\u00bb#FFFFFF\u00bb header_line_height=\u00bb1.1em\u00bb body_text_align=\u00bbjustify\u00bb body_text_color=\u00bb#FFFFFF\u00bb global_colors_info=\u00bb{}\u00bb]<\/p>\n<p>Mant\u00e9n un entorno de trabajo limpio y profesional con nuestros servicios especializados de limpieza de oficinas.<\/p>\n<p>[\/et_pb_blurb][\/et_pb_column][\/et_pb_row][\/et_pb_section]<\/p>\n","protected":false},"excerpt":{"rendered":"<p>\u00bfQUI\u00c9NES SOMOS?LIV Associates Group es una empresa l\u00edder en staffing, dedicada a conectar talento excepcional con oportunidades en el sector de hospitalidad.Con sede en St. Augustine, Jacksonville y Orlando, hemos establecido una s\u00f3lida reputaci\u00f3n por nuestra capacidad para entender las necesidades \u00fanicas de hoteles y restaurantes. Nuestro compromiso es proporcionar soluciones de contrataci\u00f3n eficientes y [&hellip;]<\/p>\n","protected":false},"author":2,"featured_media":0,"parent":0,"menu_order":0,"comment_status":"closed","ping_status":"closed","template":"","meta":{"_et_pb_use_builder":"on","_et_pb_old_content":"","_et_gb_content_width":"","footnotes":""},"class_list":["post-10","page","type-page","status-publish","hentry"],"_links":{"self":[{"href":"https:\/\/www.livassociatesgroup.com\/es\/wp-json\/wp\/v2\/pages\/10","targetHints":{"allow":["GET"]}}],"collection":[{"href":"https:\/\/www.livassociatesgroup.com\/es\/wp-json\/wp\/v2\/pages"}],"about":[{"href":"https:\/\/www.livassociatesgroup.com\/es\/wp-json\/wp\/v2\/types\/page"}],"author":[{"embeddable":true,"href":"https:\/\/www.livassociatesgroup.com\/es\/wp-json\/wp\/v2\/users\/2"}],"replies":[{"embeddable":true,"href":"https:\/\/www.livassociatesgroup.com\/es\/wp-json\/wp\/v2\/comments?post=10"}],"version-history":[{"count":78,"href":"https:\/\/www.livassociatesgroup.com\/es\/wp-json\/wp\/v2\/pages\/10\/revisions"}],"predecessor-version":[{"id":336,"href":"https:\/\/www.livassociatesgroup.com\/es\/wp-json\/wp\/v2\/pages\/10\/revisions\/336"}],"wp:attachment":[{"href":"https:\/\/www.livassociatesgroup.com\/es\/wp-json\/wp\/v2\/media?parent=10"}],"curies":[{"name":"wp","href":"https:\/\/api.w.org\/{rel}","templated":true}]}}